{"id":435,"date":"2024-10-02T15:01:00","date_gmt":"2024-10-02T13:01:00","guid":{"rendered":"https:\/\/www.gardeno.be\/partnerships\/"},"modified":"2026-02-16T17:25:59","modified_gmt":"2026-02-16T16:25:59","slug":"partnerships","status":"publish","type":"page","link":"https:\/\/www.gardeno.be\/en\/partnerships\/","title":{"rendered":"Partnerships"},"content":{"rendered":"\t\t<div data-elementor-type=\"wp-page\" data-elementor-id=\"435\" class=\"elementor elementor-435 elementor-103\" data-elementor-post-type=\"page\">\n\t\t\t\t<div class=\"elementor-element elementor-element-39479e1 e-flex e-con-boxed e-con e-parent\" data-id=\"39479e1\" data-element_type=\"container\">\n\t\t\t\t\t<div class=\"e-con-inner\">\n\t\t\t\t<div class=\"elementor-element elementor-element-6821707 elementor-widget elementor-widget-heading\" data-id=\"6821707\" data-element_type=\"widget\" data-widget_type=\"heading.default\">\n\t\t\t\t<div class=\"elementor-widget-container\">\n\t\t\t\t\t<h2 class=\"elementor-heading-title elementor-size-default\">partenariats<\/h2>\t\t\t\t<\/div>\n\t\t\t\t<\/div>\n\t\t\t\t\t<\/div>\n\t\t\t\t<\/div>\n\t\t<div class=\"elementor-element elementor-element-c0e0a88 e-flex e-con-boxed e-con e-parent\" data-id=\"c0e0a88\" data-element_type=\"container\">\n\t\t\t\t\t<div class=\"e-con-inner\">\n\t\t\t\t<div class=\"elementor-element elementor-element-eefbbb9 elementor-widget-divider--view-line elementor-widget elementor-widget-divider\" data-id=\"eefbbb9\" data-element_type=\"widget\" data-widget_type=\"divider.default\">\n\t\t\t\t<div class=\"elementor-widget-container\">\n\t\t\t\t\t\t\t<div class=\"elementor-divider\">\n\t\t\t<span class=\"elementor-divider-separator\">\n\t\t\t\t\t\t<\/span>\n\t\t<\/div>\n\t\t\t\t\t\t<\/div>\n\t\t\t\t<\/div>\n\t\t\t\t\t<\/div>\n\t\t\t\t<\/div>\n\t\t<div class=\"elementor-element elementor-element-83d7ecb e-flex e-con-boxed e-con e-parent\" data-id=\"83d7ecb\" data-element_type=\"container\">\n\t\t\t\t\t<div class=\"e-con-inner\">\n\t\t<div class=\"elementor-element elementor-element-ecb70d2 e-con-full e-flex e-con e-child\" data-id=\"ecb70d2\" data-element_type=\"container\">\n\t\t\t\t<div class=\"elementor-element elementor-element-00e4b02 elementor-widget elementor-widget-text-editor\" data-id=\"00e4b02\" data-element_type=\"widget\" data-widget_type=\"text-editor.default\">\n\t\t\t\t<div class=\"elementor-widget-container\">\n\t\t\t\t\t\t\t\t\t<p style=\"font-weight: 400;\">M-Project is the core of the group, specializing in coordination and interior renovation. A leader in its field, the company offers an integrated and expert approach to transform and modernize built spaces. <\/p><p style=\"font-weight: 400;\">By orchestrating every stage of the projects, M-Project ensures smooth and efficient management, working closely with architects and other industry professionals.<\/p><p style=\"font-weight: 400;\"><strong>Main Services of M-Project<\/strong><\/p><p style=\"font-weight: 400;\"><strong> <\/strong><\/p><ul style=\"font-weight: 400;\"><li>Project Coordination: Planning, coordination, and execution of interior renovation projects. M-Project supervises subcontractors, manages timelines and budgets, and guarantees the quality of the completed work. <\/li><li>Interior Renovation: Full or partial renovation of interior spaces, with particular attention to aesthetics and functionality, in order to meet clients\u2019 specific expectations.<\/li><li>Collaboration with Architects: Working in synergy with architects to design and deliver projects that combine creativity and functionality. This collaboration results in harmonious, innovative interiors perfectly tailored to clients\u2019 needs. <\/li><\/ul><p style=\"font-weight: 400;\"> <\/p>\t\t\t\t\t\t\t\t<\/div>\n\t\t\t\t<\/div>\n\t\t\t\t<div class=\"elementor-element elementor-element-c357ee8 elementor-widget elementor-widget-button\" data-id=\"c357ee8\" data-element_type=\"widget\" data-widget_type=\"button.default\">\n\t\t\t\t<div class=\"elementor-widget-container\">\n\t\t\t\t\t\t\t\t\t<div class=\"elementor-button-wrapper\">\n\t\t\t\t\t<a class=\"elementor-button elementor-button-link elementor-size-sm elementor-animation-float\" href=\"https:\/\/m-project.group\" target=\"_blank\">\n\t\t\t\t\t\t<span class=\"elementor-button-content-wrapper\">\n\t\t\t\t\t\t\t\t\t<span class=\"elementor-button-text\">Visit the website<\/span>\n\t\t\t\t\t<\/span>\n\t\t\t\t\t<\/a>\n\t\t\t\t<\/div>\n\t\t\t\t\t\t\t\t<\/div>\n\t\t\t\t<\/div>\n\t\t\t\t<div class=\"elementor-element elementor-element-e6200e6 elementor-widget elementor-widget-text-editor\" data-id=\"e6200e6\" data-element_type=\"widget\" data-widget_type=\"text-editor.default\">\n\t\t\t\t<div class=\"elementor-widget-container\">\n\t\t\t\t\t\t\t\t\t<p style=\"font-weight: 400;\"><strong>Collaboration with M-Project <\/strong><\/p><p style=\"font-weight: 400;\">The partnership between M-Project and Gardeno embodies a shared vision centered on quality and attention to detail \u2014 our key strength.<\/p><p style=\"font-weight: 400;\">M-Project handles coordination, interior renovation, and construction, while Gardeno extends this commitment to excellence outdoors through its expertise in landscaping and natural stone.<\/p><p style=\"font-weight: 400;\">Together, we create elegant, functional, and sustainable projects, ensuring a seamless continuity from interior to exterior and comprehensive support from design to completion.<\/p>\t\t\t\t\t\t\t\t<\/div>\n\t\t\t\t<\/div>\n\t\t\t\t<\/div>\n\t\t<div class=\"elementor-element elementor-element-a36d819 e-con-full e-flex e-con e-child\" data-id=\"a36d819\" data-element_type=\"container\">\n\t\t\t\t<div class=\"elementor-element elementor-element-d7a8e4f elementor-widget elementor-widget-image\" data-id=\"d7a8e4f\" data-element_type=\"widget\" data-widget_type=\"image.default\">\n\t\t\t\t<div class=\"elementor-widget-container\">\n\t\t\t\t\t\t\t\t\t\t\t\t\t\t\t<img alt=\"\" fetchpriority=\"high\" decoding=\"async\" width=\"705\" height=\"1024\" src=\"https:\/\/www.gardeno.be\/wp-content\/uploads\/2024\/10\/PHOTO-2024-09-26-07-37-05-705x1024.jpeg\" class=\"attachment-large size-large wp-image-399\" alt=\"\" srcset=\"https:\/\/www.gardeno.be\/wp-content\/uploads\/2024\/10\/PHOTO-2024-09-26-07-37-05-705x1024.jpeg 705w, https:\/\/www.gardeno.be\/wp-content\/uploads\/2024\/10\/PHOTO-2024-09-26-07-37-05-207x300.jpeg 207w, https:\/\/www.gardeno.be\/wp-content\/uploads\/2024\/10\/PHOTO-2024-09-26-07-37-05-768x1115.jpeg 768w, https:\/\/www.gardeno.be\/wp-content\/uploads\/2024\/10\/PHOTO-2024-09-26-07-37-05-1058x1536.jpeg 1058w, https:\/\/www.gardeno.be\/wp-content\/uploads\/2024\/10\/PHOTO-2024-09-26-07-37-05.jpeg 1102w\" sizes=\"(max-width: 705px) 100vw, 705px\" \/>\t\t\t\t\t\t\t\t\t\t\t\t\t\t\t<\/div>\n\t\t\t\t<\/div>\n\t\t\t\t<\/div>\n\t\t\t\t\t<\/div>\n\t\t\t\t<\/div>\n\t\t<div class=\"elementor-element elementor-element-39bae15 e-flex e-con-boxed e-con e-parent\" data-id=\"39bae15\" data-element_type=\"container\">\n\t\t\t\t\t<div class=\"e-con-inner\">\n\t\t<div class=\"elementor-element elementor-element-74d904f e-con-full e-flex e-con e-child\" data-id=\"74d904f\" data-element_type=\"container\">\n\t\t\t\t<div class=\"elementor-element elementor-element-ebb5fd4 elementor-widget elementor-widget-text-editor\" data-id=\"ebb5fd4\" data-element_type=\"widget\" data-widget_type=\"text-editor.default\">\n\t\t\t\t<div class=\"elementor-widget-container\">\n\t\t\t\t\t\t\t\t\t<p>LS Toiture, the third entity of the group, specializes in all aspects of roofing, including installation and renovation. With particular expertise in materials such as zinc and slate, LS Toiture ensures optimal protection for buildings. <\/p><p><span class=\"s2\">Main Services<\/span><\/p><div class=\"s4\">\u2022 Roof Installation: LS Toiture provides the installation of zinc, slate, and other roofing materials, ensuring effective and aesthetically pleasing coverage.<\/div><div class=\"s4\">\u2022 Renovation and Repair: The company offers renovation and repair services for existing roofs, extending their lifespan and improving their performance.<\/div><div class=\"s4\">\u2022 Maintenance and Inspection: LS Toiture carries out regular inspections and preventive maintenance to ensure roofs remain in good condition and to prevent future issues.<\/div>\t\t\t\t\t\t\t\t<\/div>\n\t\t\t\t<\/div>\n\t\t\t\t<div class=\"elementor-element elementor-element-875913a elementor-widget elementor-widget-button\" data-id=\"875913a\" data-element_type=\"widget\" data-widget_type=\"button.default\">\n\t\t\t\t<div class=\"elementor-widget-container\">\n\t\t\t\t\t\t\t\t\t<div class=\"elementor-button-wrapper\">\n\t\t\t\t\t<a class=\"elementor-button elementor-button-link elementor-size-sm elementor-animation-float\" href=\"https:\/\/lstoiture.be\/\" target=\"_blank\">\n\t\t\t\t\t\t<span class=\"elementor-button-content-wrapper\">\n\t\t\t\t\t\t\t\t\t<span class=\"elementor-button-text\">Visit the website<\/span>\n\t\t\t\t\t<\/span>\n\t\t\t\t\t<\/a>\n\t\t\t\t<\/div>\n\t\t\t\t\t\t\t\t<\/div>\n\t\t\t\t<\/div>\n\t\t\t\t<\/div>\n\t\t<div class=\"elementor-element elementor-element-c210c4b e-con-full e-flex e-con e-child\" data-id=\"c210c4b\" data-element_type=\"container\">\n\t\t\t\t<div class=\"elementor-element elementor-element-21dc3c1 elementor-widget elementor-widget-image\" data-id=\"21dc3c1\" data-element_type=\"widget\" data-widget_type=\"image.default\">\n\t\t\t\t<div class=\"elementor-widget-container\">\n\t\t\t\t\t\t\t\t\t\t\t\t\t\t\t<img alt=\"\" decoding=\"async\" width=\"800\" height=\"600\" src=\"https:\/\/www.gardeno.be\/wp-content\/uploads\/2025\/01\/LS-Toiture.jpg\" class=\"attachment-large size-large wp-image-434\" alt=\"\" srcset=\"https:\/\/www.gardeno.be\/wp-content\/uploads\/2025\/01\/LS-Toiture.jpg 800w, https:\/\/www.gardeno.be\/wp-content\/uploads\/2025\/01\/LS-Toiture-300x225.jpg 300w, https:\/\/www.gardeno.be\/wp-content\/uploads\/2025\/01\/LS-Toiture-768x576.jpg 768w\" sizes=\"(max-width: 800px) 100vw, 800px\" \/>\t\t\t\t\t\t\t\t\t\t\t\t\t\t\t<\/div>\n\t\t\t\t<\/div>\n\t\t\t\t<\/div>\n\t\t\t\t\t<\/div>\n\t\t\t\t<\/div>\n\t\t<div class=\"elementor-element elementor-element-b2ec8b3 e-flex e-con-boxed e-con e-parent\" data-id=\"b2ec8b3\" data-element_type=\"container\">\n\t\t\t\t\t<div class=\"e-con-inner\">\n\t\t\t\t<div class=\"elementor-element elementor-element-bafff84 elementor-widget-divider--view-line elementor-widget elementor-widget-divider\" data-id=\"bafff84\" data-element_type=\"widget\" data-widget_type=\"divider.default\">\n\t\t\t\t<div class=\"elementor-widget-container\">\n\t\t\t\t\t\t\t<div class=\"elementor-divider\">\n\t\t\t<span class=\"elementor-divider-separator\">\n\t\t\t\t\t\t<\/span>\n\t\t<\/div>\n\t\t\t\t\t\t<\/div>\n\t\t\t\t<\/div>\n\t\t\t\t\t<\/div>\n\t\t\t\t<\/div>\n\t\t<div class=\"elementor-element elementor-element-bcd3ff6 e-flex e-con-boxed e-con e-parent\" data-id=\"bcd3ff6\" data-element_type=\"container\">\n\t\t\t\t\t<div class=\"e-con-inner\">\n\t\t<div class=\"elementor-element elementor-element-9df41f5 e-con-full e-flex e-con e-child\" data-id=\"9df41f5\" data-element_type=\"container\">\n\t\t\t\t<div class=\"elementor-element elementor-element-c936efd elementor-widget elementor-widget-text-editor\" data-id=\"c936efd\" data-element_type=\"widget\" data-widget_type=\"text-editor.default\">\n\t\t\t\t<div class=\"elementor-widget-container\">\n\t\t\t\t\t\t\t\t\t<p><strong><span class=\"s2\">The Synergy of the M-Project Group<br><br><\/span><\/strong><\/p><p>One of M-Project\u2019s greatest strengths lies in the complementarity between its different entities. The efficient coordination between M-Project, Gardeno, and LS Toiture allows the group to provide a comprehensive and integrated solution covering all aspects of renovation and development.<br>M-Project is the ideal partner for all your coordination and renovation needs, while Gardeno and LS Toiture each contribute their specific expertise to create harmonious and sustainable environments. <\/p>\t\t\t\t\t\t\t\t<\/div>\n\t\t\t\t<\/div>\n\t\t\t\t<\/div>\n\t\t\t\t\t<\/div>\n\t\t\t\t<\/div>\n\t\t<div class=\"elementor-element elementor-element-6382e7a e-grid elementor-hidden-desktop elementor-hidden-tablet elementor-hidden-mobile e-con-boxed e-con e-parent\" data-id=\"6382e7a\" data-element_type=\"container\">\n\t\t\t\t\t<div class=\"e-con-inner\">\n\t\t\t\t<div class=\"elementor-element elementor-element-e361ef9 elementor-widget elementor-widget-text-editor\" data-id=\"e361ef9\" data-element_type=\"widget\" data-widget_type=\"text-editor.default\">\n\t\t\t\t<div class=\"elementor-widget-container\">\n\t\t\t\t\t\t\t\t\t<p><strong><span class=\"s2\">Solutions Compl\u00e8tes<\/span><\/strong> :<\/p><p>Le groupe propose des solutions cl\u00e9 en main, de la r\u00e9novation int\u00e9rieure \u00e0 l\u2019am\u00e9nagement ext\u00e9rieur, en passant par la toiture. Chaque projet b\u00e9n\u00e9ficie de l\u2019expertise sp\u00e9cialis\u00e9e des diff\u00e9rentes entit\u00e9s, assurant une coh\u00e9rence et une qualit\u00e9 exceptionnelles. <\/p>\t\t\t\t\t\t\t\t<\/div>\n\t\t\t\t<\/div>\n\t\t\t\t<div class=\"elementor-element elementor-element-c4a0254 elementor-widget elementor-widget-text-editor\" data-id=\"c4a0254\" data-element_type=\"widget\" data-widget_type=\"text-editor.default\">\n\t\t\t\t<div class=\"elementor-widget-container\">\n\t\t\t\t\t\t\t\t\t<p><strong><span class=\"s2\">Gestion de Projet Efficace<\/span><\/strong> :<\/p><p>M-Project assure une gestion fluide de chaque projet gr\u00e2ce \u00e0 une coordination harmonieuse entre les \u00e9quipes de M-Project, Gardeno et Ls Toiture. Cela permet de respecter les d\u00e9lais, les budgets et les standards de qualit\u00e9. <\/p><p> <\/p>\t\t\t\t\t\t\t\t<\/div>\n\t\t\t\t<\/div>\n\t\t\t\t<div class=\"elementor-element elementor-element-fdd223b elementor-widget elementor-widget-text-editor\" data-id=\"fdd223b\" data-element_type=\"widget\" data-widget_type=\"text-editor.default\">\n\t\t\t\t<div class=\"elementor-widget-container\">\n\t\t\t\t\t\t\t\t\t<p><strong><span class=\"s2\">Engagement envers la Satisfaction Client<\/span><\/strong> :<\/p><p>Le groupe M-Project est d\u00e9di\u00e9 \u00e0 la satisfaction de ses clients, en veillant \u00e0 ce que chaque projet r\u00e9ponde pleinement \u00e0 leurs attentes et contribue \u00e0 cr\u00e9er des espaces \u00e0 la fois fonctionnels et esth\u00e9tiques.<\/p>\t\t\t\t\t\t\t\t<\/div>\n\t\t\t\t<\/div>\n\t\t\t\t\t<\/div>\n\t\t\t\t<\/div>\n\t\t<div class=\"elementor-element elementor-element-6ec7945 e-flex e-con-boxed e-con e-parent\" data-id=\"6ec7945\" data-element_type=\"container\">\n\t\t\t\t\t<div class=\"e-con-inner\">\n\t\t<div class=\"elementor-element elementor-element-29dbabf e-con-full e-flex e-con e-child\" data-id=\"29dbabf\" data-element_type=\"container\">\n\t\t\t\t<div class=\"elementor-element elementor-element-9a0da3b elementor-widget elementor-widget-text-editor\" data-id=\"9a0da3b\" data-element_type=\"widget\" data-widget_type=\"text-editor.default\">\n\t\t\t\t<div class=\"elementor-widget-container\">\n\t\t\t\t\t\t\t\t\t<p>M-Project est le partenaire id\u00e9al pour tous vos besoins en coordination et r\u00e9novation, avec Gardeno et Ls Toiture offrant chacun leur expertise sp\u00e9cifique pour cr\u00e9er des environnements harmonieux et durables.<\/p>\t\t\t\t\t\t\t\t<\/div>\n\t\t\t\t<\/div>\n\t\t\t\t<\/div>\n\t\t\t\t\t<\/div>\n\t\t\t\t<\/div>\n\t\t\t\t<\/div>\n\t\t","protected":false},"excerpt":{"rendered":"<p>partenariats M-Project is the core of the group, specializing in coordination and interior renovation. A leader in its field, the company offers an integrated and expert approach to transform and modernize built spaces. By orchestrating every stage of the projects, M-Project ensures smooth and efficient management, working closely with architects and other industry professionals. Main [&hellip;]<\/p>\n","protected":false},"author":1,"featured_media":0,"parent":0,"menu_order":0,"comment_status":"closed","ping_status":"closed","template":"elementor_header_footer","meta":{"_seopress_robots_primary_cat":"","_seopress_titles_title":"","_seopress_titles_desc":"","_seopress_robots_index":"","footnotes":""},"class_list":["post-435","page","type-page","status-publish","hentry"],"_links":{"self":[{"href":"https:\/\/www.gardeno.be\/en\/wp-json\/wp\/v2\/pages\/435","targetHints":{"allow":["GET"]}}],"collection":[{"href":"https:\/\/www.gardeno.be\/en\/wp-json\/wp\/v2\/pages"}],"about":[{"href":"https:\/\/www.gardeno.be\/en\/wp-json\/wp\/v2\/types\/page"}],"author":[{"embeddable":true,"href":"https:\/\/www.gardeno.be\/en\/wp-json\/wp\/v2\/users\/1"}],"replies":[{"embeddable":true,"href":"https:\/\/www.gardeno.be\/en\/wp-json\/wp\/v2\/comments?post=435"}],"version-history":[{"count":1,"href":"https:\/\/www.gardeno.be\/en\/wp-json\/wp\/v2\/pages\/435\/revisions"}],"predecessor-version":[{"id":438,"href":"https:\/\/www.gardeno.be\/en\/wp-json\/wp\/v2\/pages\/435\/revisions\/438"}],"wp:attachment":[{"href":"https:\/\/www.gardeno.be\/en\/wp-json\/wp\/v2\/media?parent=435"}],"curies":[{"name":"wp","href":"https:\/\/api.w.org\/{rel}","templated":true}]}}