{"id":430,"date":"2024-10-02T15:01:00","date_gmt":"2024-10-02T13:01:00","guid":{"rendered":"https:\/\/www.gardeno.be\/partnerschappen\/"},"modified":"2026-02-16T17:17:03","modified_gmt":"2026-02-16T16:17:03","slug":"partnerschappen","status":"publish","type":"page","link":"https:\/\/www.gardeno.be\/nl\/partnerschappen\/","title":{"rendered":"Partnerschappen"},"content":{"rendered":"\t\t<div data-elementor-type=\"wp-page\" data-elementor-id=\"430\" class=\"elementor elementor-430 elementor-103\" data-elementor-post-type=\"page\">\n\t\t\t\t<div class=\"elementor-element elementor-element-39479e1 e-flex e-con-boxed e-con e-parent\" data-id=\"39479e1\" data-element_type=\"container\">\n\t\t\t\t\t<div class=\"e-con-inner\">\n\t\t\t\t<div class=\"elementor-element elementor-element-6821707 elementor-widget elementor-widget-heading\" data-id=\"6821707\" data-element_type=\"widget\" data-widget_type=\"heading.default\">\n\t\t\t\t<div class=\"elementor-widget-container\">\n\t\t\t\t\t<h2 class=\"elementor-heading-title elementor-size-default\">Partnerschappen<\/h2>\t\t\t\t<\/div>\n\t\t\t\t<\/div>\n\t\t\t\t\t<\/div>\n\t\t\t\t<\/div>\n\t\t<div class=\"elementor-element elementor-element-c0e0a88 e-flex e-con-boxed e-con e-parent\" data-id=\"c0e0a88\" data-element_type=\"container\">\n\t\t\t\t\t<div class=\"e-con-inner\">\n\t\t\t\t<div class=\"elementor-element elementor-element-eefbbb9 elementor-widget-divider--view-line elementor-widget elementor-widget-divider\" data-id=\"eefbbb9\" data-element_type=\"widget\" data-widget_type=\"divider.default\">\n\t\t\t\t<div class=\"elementor-widget-container\">\n\t\t\t\t\t\t\t<div class=\"elementor-divider\">\n\t\t\t<span class=\"elementor-divider-separator\">\n\t\t\t\t\t\t<\/span>\n\t\t<\/div>\n\t\t\t\t\t\t<\/div>\n\t\t\t\t<\/div>\n\t\t\t\t\t<\/div>\n\t\t\t\t<\/div>\n\t\t<div class=\"elementor-element elementor-element-83d7ecb e-flex e-con-boxed e-con e-parent\" data-id=\"83d7ecb\" data-element_type=\"container\">\n\t\t\t\t\t<div class=\"e-con-inner\">\n\t\t<div class=\"elementor-element elementor-element-ecb70d2 e-con-full e-flex e-con e-child\" data-id=\"ecb70d2\" data-element_type=\"container\">\n\t\t\t\t<div class=\"elementor-element elementor-element-00e4b02 elementor-widget elementor-widget-text-editor\" data-id=\"00e4b02\" data-element_type=\"widget\" data-widget_type=\"text-editor.default\">\n\t\t\t\t<div class=\"elementor-widget-container\">\n\t\t\t\t\t\t\t\t\t<p style=\"font-weight: 400;\">M-Project is het hart van de groep en is gespecialiseerd in co\u00f6rdinatie en interieurrenovatie. Als leider in zijn vakgebied biedt het bedrijf een ge\u00efntegreerde en deskundige aanpak om bestaande ruimtes te transformeren en te moderniseren.<\/p><p style=\"font-weight: 400;\">Door elke fase van de projecten te orchestreren, garandeert M-Project een vlot en effici\u00ebnt beheer, in nauwe samenwerking met architecten en andere professionals uit de sector.<\/p><p style=\"font-weight: 400;\"><strong>Belangrijkste diensten van M-Project<\/strong><\/p><p style=\"font-weight: 400;\"><strong> <\/strong><\/p><ul style=\"font-weight: 400;\"><li>Projectco\u00f6rdinatie: Planning, co\u00f6rdinatie en uitvoering van interieurrenovatieprojecten. M-Project superviseert onderaannemers, beheert deadlines en budgetten en waarborgt de kwaliteit van de uitgevoerde werken.<\/li><li>Interieurrenovatie: Volledige of gedeeltelijke renovatie van binnenruimtes, met bijzondere aandacht voor esthetiek en functionaliteit, om te beantwoorden aan de specifieke verwachtingen van de klant.<\/li><li>Samenwerking met architecten: Nauwe samenwerking met architecten om projecten te ontwerpen en te realiseren die creativiteit en functionaliteit combineren. Deze samenwerking resulteert in harmonieuze, innovatieve interieurs die perfect aansluiten bij de behoeften van de klant.<\/li><\/ul><p style=\"font-weight: 400;\"> <\/p>\t\t\t\t\t\t\t\t<\/div>\n\t\t\t\t<\/div>\n\t\t\t\t<div class=\"elementor-element elementor-element-c357ee8 elementor-widget elementor-widget-button\" data-id=\"c357ee8\" data-element_type=\"widget\" data-widget_type=\"button.default\">\n\t\t\t\t<div class=\"elementor-widget-container\">\n\t\t\t\t\t\t\t\t\t<div class=\"elementor-button-wrapper\">\n\t\t\t\t\t<a class=\"elementor-button elementor-button-link elementor-size-sm elementor-animation-float\" href=\"https:\/\/m-project.group\" target=\"_blank\">\n\t\t\t\t\t\t<span class=\"elementor-button-content-wrapper\">\n\t\t\t\t\t\t\t\t\t<span class=\"elementor-button-text\">Bezoek de website<\/span>\n\t\t\t\t\t<\/span>\n\t\t\t\t\t<\/a>\n\t\t\t\t<\/div>\n\t\t\t\t\t\t\t\t<\/div>\n\t\t\t\t<\/div>\n\t\t\t\t<div class=\"elementor-element elementor-element-e6200e6 elementor-widget elementor-widget-text-editor\" data-id=\"e6200e6\" data-element_type=\"widget\" data-widget_type=\"text-editor.default\">\n\t\t\t\t<div class=\"elementor-widget-container\">\n\t\t\t\t\t\t\t\t\t<p style=\"font-weight: 400;\"><strong>Samenwerking met M-Project <\/strong><\/p><p style=\"font-weight: 400;\">Projectco\u00f6rdinatie: Planning, co\u00f6rdinatie en uitvoering van interieurrenovatieprojecten.<\/p><p style=\"font-weight: 400;\">M-Project superviseert onderaannemers, beheert deadlines en budgetten en waarborgt de kwaliteit van de uitgevoerde werken.<\/p><p style=\"font-weight: 400;\">Interieurrenovatie: Volledige of gedeeltelijke renovatie van binnenruimtes, met bijzondere aandacht voor esthetiek en functionaliteit, om te beantwoorden aan de specifieke verwachtingen van de klant.<\/p>\t\t\t\t\t\t\t\t<\/div>\n\t\t\t\t<\/div>\n\t\t\t\t<\/div>\n\t\t<div class=\"elementor-element elementor-element-a36d819 e-con-full e-flex e-con e-child\" data-id=\"a36d819\" data-element_type=\"container\">\n\t\t\t\t<div class=\"elementor-element elementor-element-d7a8e4f elementor-widget elementor-widget-image\" data-id=\"d7a8e4f\" data-element_type=\"widget\" data-widget_type=\"image.default\">\n\t\t\t\t<div class=\"elementor-widget-container\">\n\t\t\t\t\t\t\t\t\t\t\t\t\t\t\t<img alt=\"\" fetchpriority=\"high\" decoding=\"async\" width=\"705\" height=\"1024\" src=\"https:\/\/www.gardeno.be\/wp-content\/uploads\/2024\/10\/PHOTO-2024-09-26-07-37-05-705x1024.jpeg\" class=\"attachment-large size-large wp-image-396\" alt=\"\" srcset=\"https:\/\/www.gardeno.be\/wp-content\/uploads\/2024\/10\/PHOTO-2024-09-26-07-37-05-705x1024.jpeg 705w, https:\/\/www.gardeno.be\/wp-content\/uploads\/2024\/10\/PHOTO-2024-09-26-07-37-05-207x300.jpeg 207w, https:\/\/www.gardeno.be\/wp-content\/uploads\/2024\/10\/PHOTO-2024-09-26-07-37-05-768x1115.jpeg 768w, https:\/\/www.gardeno.be\/wp-content\/uploads\/2024\/10\/PHOTO-2024-09-26-07-37-05-1058x1536.jpeg 1058w, https:\/\/www.gardeno.be\/wp-content\/uploads\/2024\/10\/PHOTO-2024-09-26-07-37-05.jpeg 1102w\" sizes=\"(max-width: 705px) 100vw, 705px\" \/>\t\t\t\t\t\t\t\t\t\t\t\t\t\t\t<\/div>\n\t\t\t\t<\/div>\n\t\t\t\t<\/div>\n\t\t\t\t\t<\/div>\n\t\t\t\t<\/div>\n\t\t<div class=\"elementor-element elementor-element-39bae15 e-flex e-con-boxed e-con e-parent\" data-id=\"39bae15\" data-element_type=\"container\">\n\t\t\t\t\t<div class=\"e-con-inner\">\n\t\t<div class=\"elementor-element elementor-element-74d904f e-con-full e-flex e-con e-child\" data-id=\"74d904f\" data-element_type=\"container\">\n\t\t\t\t<div class=\"elementor-element elementor-element-ebb5fd4 elementor-widget elementor-widget-text-editor\" data-id=\"ebb5fd4\" data-element_type=\"widget\" data-widget_type=\"text-editor.default\">\n\t\t\t\t<div class=\"elementor-widget-container\">\n\t\t\t\t\t\t\t\t\t<p>LS Toiture, de derde entiteit van de groep, is gespecialiseerd in alle aspecten van dakwerken, inclusief plaatsing en renovatie. Met een bijzondere expertise in materialen zoals zink en leien zorgt LS Toiture voor een optimale bescherming van gebouwen.<\/p><p><span class=\"s2\">Belangrijkste diensten<br><br><\/span><\/p><div class=\"s4\">\u2022 Dakinstallatie: LS Toiture verzorgt de plaatsing van daken in zink, leien en andere materialen, en garandeert een effici\u00ebnte en esthetische dakbedekking.<\/div><div class=\"s4\">\u2022 Renovatie en herstelling: Het bedrijf biedt renovatie- en herstellingsdiensten aan voor bestaande daken, om hun levensduur te verlengen en hun prestaties te verbeteren.<\/div><div class=\"s4\">\u2022 Onderhoud en inspectie: LS Toiture voert regelmatige inspecties en preventief onderhoud uit om de goede staat van daken te waarborgen en toekomstige problemen te voorkomen.<\/div>\t\t\t\t\t\t\t\t<\/div>\n\t\t\t\t<\/div>\n\t\t\t\t<div class=\"elementor-element elementor-element-875913a elementor-widget elementor-widget-button\" data-id=\"875913a\" data-element_type=\"widget\" data-widget_type=\"button.default\">\n\t\t\t\t<div class=\"elementor-widget-container\">\n\t\t\t\t\t\t\t\t\t<div class=\"elementor-button-wrapper\">\n\t\t\t\t\t<a class=\"elementor-button elementor-button-link elementor-size-sm elementor-animation-float\" href=\"https:\/\/lstoiture.be\/\" target=\"_blank\">\n\t\t\t\t\t\t<span class=\"elementor-button-content-wrapper\">\n\t\t\t\t\t\t\t\t\t<span class=\"elementor-button-text\">Bezoek de website<\/span>\n\t\t\t\t\t<\/span>\n\t\t\t\t\t<\/a>\n\t\t\t\t<\/div>\n\t\t\t\t\t\t\t\t<\/div>\n\t\t\t\t<\/div>\n\t\t\t\t<\/div>\n\t\t<div class=\"elementor-element elementor-element-c210c4b e-con-full e-flex e-con e-child\" data-id=\"c210c4b\" data-element_type=\"container\">\n\t\t\t\t<div class=\"elementor-element elementor-element-21dc3c1 elementor-widget elementor-widget-image\" data-id=\"21dc3c1\" data-element_type=\"widget\" data-widget_type=\"image.default\">\n\t\t\t\t<div class=\"elementor-widget-container\">\n\t\t\t\t\t\t\t\t\t\t\t\t\t\t\t<img alt=\"\" decoding=\"async\" width=\"800\" height=\"600\" src=\"https:\/\/www.gardeno.be\/wp-content\/uploads\/2025\/01\/LS-Toiture.jpg\" class=\"attachment-large size-large wp-image-429\" alt=\"\" srcset=\"https:\/\/www.gardeno.be\/wp-content\/uploads\/2025\/01\/LS-Toiture.jpg 800w, https:\/\/www.gardeno.be\/wp-content\/uploads\/2025\/01\/LS-Toiture-300x225.jpg 300w, https:\/\/www.gardeno.be\/wp-content\/uploads\/2025\/01\/LS-Toiture-768x576.jpg 768w\" sizes=\"(max-width: 800px) 100vw, 800px\" \/>\t\t\t\t\t\t\t\t\t\t\t\t\t\t\t<\/div>\n\t\t\t\t<\/div>\n\t\t\t\t<\/div>\n\t\t\t\t\t<\/div>\n\t\t\t\t<\/div>\n\t\t<div class=\"elementor-element elementor-element-b2ec8b3 e-flex e-con-boxed e-con e-parent\" data-id=\"b2ec8b3\" data-element_type=\"container\">\n\t\t\t\t\t<div class=\"e-con-inner\">\n\t\t\t\t<div class=\"elementor-element elementor-element-bafff84 elementor-widget-divider--view-line elementor-widget elementor-widget-divider\" data-id=\"bafff84\" data-element_type=\"widget\" data-widget_type=\"divider.default\">\n\t\t\t\t<div class=\"elementor-widget-container\">\n\t\t\t\t\t\t\t<div class=\"elementor-divider\">\n\t\t\t<span class=\"elementor-divider-separator\">\n\t\t\t\t\t\t<\/span>\n\t\t<\/div>\n\t\t\t\t\t\t<\/div>\n\t\t\t\t<\/div>\n\t\t\t\t\t<\/div>\n\t\t\t\t<\/div>\n\t\t<div class=\"elementor-element elementor-element-bcd3ff6 e-flex e-con-boxed e-con e-parent\" data-id=\"bcd3ff6\" data-element_type=\"container\">\n\t\t\t\t\t<div class=\"e-con-inner\">\n\t\t<div class=\"elementor-element elementor-element-9df41f5 e-con-full e-flex e-con e-child\" data-id=\"9df41f5\" data-element_type=\"container\">\n\t\t\t\t<div class=\"elementor-element elementor-element-c936efd elementor-widget elementor-widget-text-editor\" data-id=\"c936efd\" data-element_type=\"widget\" data-widget_type=\"text-editor.default\">\n\t\t\t\t<div class=\"elementor-widget-container\">\n\t\t\t\t\t\t\t\t\t<p><strong><span class=\"s2\">De synergie van de M-Project Groep<\/span><\/strong><\/p><p>Een van de grote troeven van M-Project is de complementariteit tussen de verschillende entiteiten. De effici\u00ebnte samenwerking tussen M-Project, Gardeno en LS Toiture maakt het mogelijk om een globale en ge\u00efntegreerde oplossing te bieden voor alle aspecten van renovatie en inrichting.<br>M-Project is de ideale partner voor al uw co\u00f6rdinatie- en renovatiebehoeften, terwijl Gardeno en LS Toiture elk hun specifieke expertise inzetten om harmonieuze en duurzame omgevingen te cre\u00ebren.<\/p>\t\t\t\t\t\t\t\t<\/div>\n\t\t\t\t<\/div>\n\t\t\t\t<\/div>\n\t\t\t\t\t<\/div>\n\t\t\t\t<\/div>\n\t\t<div class=\"elementor-element elementor-element-6382e7a e-grid elementor-hidden-desktop elementor-hidden-tablet elementor-hidden-mobile e-con-boxed e-con e-parent\" data-id=\"6382e7a\" data-element_type=\"container\">\n\t\t\t\t\t<div class=\"e-con-inner\">\n\t\t\t\t<div class=\"elementor-element elementor-element-e361ef9 elementor-widget elementor-widget-text-editor\" data-id=\"e361ef9\" data-element_type=\"widget\" data-widget_type=\"text-editor.default\">\n\t\t\t\t<div class=\"elementor-widget-container\">\n\t\t\t\t\t\t\t\t\t<p><strong><span class=\"s2\">Solutions Compl\u00e8tes<\/span><\/strong> :<\/p><p>Le groupe propose des solutions cl\u00e9 en main, de la r\u00e9novation int\u00e9rieure \u00e0 l\u2019am\u00e9nagement ext\u00e9rieur, en passant par la toiture. Chaque projet b\u00e9n\u00e9ficie de l\u2019expertise sp\u00e9cialis\u00e9e des diff\u00e9rentes entit\u00e9s, assurant une coh\u00e9rence et une qualit\u00e9 exceptionnelles.<\/p>\t\t\t\t\t\t\t\t<\/div>\n\t\t\t\t<\/div>\n\t\t\t\t<div class=\"elementor-element elementor-element-c4a0254 elementor-widget elementor-widget-text-editor\" data-id=\"c4a0254\" data-element_type=\"widget\" data-widget_type=\"text-editor.default\">\n\t\t\t\t<div class=\"elementor-widget-container\">\n\t\t\t\t\t\t\t\t\t<p><strong><span class=\"s2\">Gestion de Projet Efficace<\/span><\/strong> :<\/p><p>M-Project assure une gestion fluide de chaque projet gr\u00e2ce \u00e0 une coordination harmonieuse entre les \u00e9quipes de M-Project, Gardeno et Ls Toiture. Cela permet de respecter les d\u00e9lais, les budgets et les standards de qualit\u00e9.<\/p><p> <\/p>\t\t\t\t\t\t\t\t<\/div>\n\t\t\t\t<\/div>\n\t\t\t\t<div class=\"elementor-element elementor-element-fdd223b elementor-widget elementor-widget-text-editor\" data-id=\"fdd223b\" data-element_type=\"widget\" data-widget_type=\"text-editor.default\">\n\t\t\t\t<div class=\"elementor-widget-container\">\n\t\t\t\t\t\t\t\t\t<p><strong><span class=\"s2\">Engagement envers la Satisfaction Client<\/span><\/strong> :<\/p><p>Le groupe M-Project est d\u00e9di\u00e9 \u00e0 la satisfaction de ses clients, en veillant \u00e0 ce que chaque projet r\u00e9ponde pleinement \u00e0 leurs attentes et contribue \u00e0 cr\u00e9er des espaces \u00e0 la fois fonctionnels et esth\u00e9tiques.<\/p>\t\t\t\t\t\t\t\t<\/div>\n\t\t\t\t<\/div>\n\t\t\t\t\t<\/div>\n\t\t\t\t<\/div>\n\t\t<div class=\"elementor-element elementor-element-6ec7945 e-flex e-con-boxed e-con e-parent\" data-id=\"6ec7945\" data-element_type=\"container\">\n\t\t\t\t\t<div class=\"e-con-inner\">\n\t\t<div class=\"elementor-element elementor-element-29dbabf e-con-full e-flex e-con e-child\" data-id=\"29dbabf\" data-element_type=\"container\">\n\t\t\t\t<div class=\"elementor-element elementor-element-9a0da3b elementor-widget elementor-widget-text-editor\" data-id=\"9a0da3b\" data-element_type=\"widget\" data-widget_type=\"text-editor.default\">\n\t\t\t\t<div class=\"elementor-widget-container\">\n\t\t\t\t\t\t\t\t\t<p>M-Project est le partenaire id\u00e9al pour tous vos besoins en coordination et r\u00e9novation, avec Gardeno et Ls Toiture offrant chacun leur expertise sp\u00e9cifique pour cr\u00e9er des environnements harmonieux et durables.<\/p>\t\t\t\t\t\t\t\t<\/div>\n\t\t\t\t<\/div>\n\t\t\t\t<\/div>\n\t\t\t\t\t<\/div>\n\t\t\t\t<\/div>\n\t\t\t\t<\/div>\n\t\t","protected":false},"excerpt":{"rendered":"<p>Partnerschappen M-Project is het hart van de groep en is gespecialiseerd in co\u00f6rdinatie en interieurrenovatie. Als leider in zijn vakgebied biedt het bedrijf een ge\u00efntegreerde en deskundige aanpak om bestaande ruimtes te transformeren en te moderniseren. Door elke fase van de projecten te orchestreren, garandeert M-Project een vlot en effici\u00ebnt beheer, in nauwe samenwerking met [&hellip;]<\/p>\n","protected":false},"author":1,"featured_media":0,"parent":0,"menu_order":0,"comment_status":"closed","ping_status":"closed","template":"elementor_header_footer","meta":{"_seopress_robots_primary_cat":"","_seopress_titles_title":"","_seopress_titles_desc":"","_seopress_robots_index":"","footnotes":""},"class_list":["post-430","page","type-page","status-publish","hentry"],"_links":{"self":[{"href":"https:\/\/www.gardeno.be\/nl\/wp-json\/wp\/v2\/pages\/430","targetHints":{"allow":["GET"]}}],"collection":[{"href":"https:\/\/www.gardeno.be\/nl\/wp-json\/wp\/v2\/pages"}],"about":[{"href":"https:\/\/www.gardeno.be\/nl\/wp-json\/wp\/v2\/types\/page"}],"author":[{"embeddable":true,"href":"https:\/\/www.gardeno.be\/nl\/wp-json\/wp\/v2\/users\/1"}],"replies":[{"embeddable":true,"href":"https:\/\/www.gardeno.be\/nl\/wp-json\/wp\/v2\/comments?post=430"}],"version-history":[{"count":1,"href":"https:\/\/www.gardeno.be\/nl\/wp-json\/wp\/v2\/pages\/430\/revisions"}],"predecessor-version":[{"id":433,"href":"https:\/\/www.gardeno.be\/nl\/wp-json\/wp\/v2\/pages\/430\/revisions\/433"}],"wp:attachment":[{"href":"https:\/\/www.gardeno.be\/nl\/wp-json\/wp\/v2\/media?parent=430"}],"curies":[{"name":"wp","href":"https:\/\/api.w.org\/{rel}","templated":true}]}}